{"id":11,"date":"2017-11-23T08:51:30","date_gmt":"2017-11-23T07:51:30","guid":{"rendered":"http:\/\/disco-polo.nazwa.pl\/server_2020\/home"},"modified":"2025-04-10T20:19:36","modified_gmt":"2025-04-10T18:19:36","slug":"home","status":"publish","type":"page","link":"https:\/\/serverdance.pl\/","title":{"rendered":"Home"},"content":{"rendered":"<p><section class=\"fw-main-row  ls section_padding_top_50 section_padding_bottom_50 columns_padding_15 table_section table_section_md\"  id=\"about\">\n\t\t<div class=\"container\">\n\t\t<div class=\"row\">\n\t\t\t\r\n    <div class=\"col-md-7 col-md-push-5\" >\r\n        <img decoding=\"async\" src=\"\/\/serverdance.pl\/wp-content\/uploads\/2025\/04\/O-nas-2025.png\" alt=\"\/\/serverdance.pl\/wp-content\/uploads\/2025\/04\/O-nas-2025.png\" \/>    <\/div>\r\n\r\n\r\n\r\n    <div class=\"col-md-5 col-md-pull-7\" >\r\n            \t<h2 class=\"text-left section_header \">\n\t<span class=\"  \">\n\t\t<span class=\"small\">Nasza<\/span> Historia\t<\/span>\n\t<\/h2>\n                <hr class=\"header_divider\">\n        \t<p class=\"text-left small-text big aboveheading\">\n\t<span class=\"  \">\n\t\tZesp\u00f3\u0142 muzyczny SERVERdance\t<\/span>\n\t<\/p>\n    <p>jest kontynuacj\u0105 formacji SERVER, za\u0142o\u017conej w 2007r. Od ko\u0144ca 2015 roku sk\u0142ad grupy ulega\u0142 zmianie. W roku 2020 szeregi zasili Piotr - genialny akordeonista oraz Bartek - aran\u017cer i klawiszowiec. Ze starego sk\u0142adu pozosta\u0142 Dawid \u2013 pomys\u0142odawca i tw\u00f3rca autorskich utwor\u00f3w zespo\u0142u.<br \/>Grupa wywodzi swe korzenie z Hajn\u00f3wki, niewielkiej miejscowo\u015bci w woj. podlaskim, zwanej \u201eWrotami do Puszczy Bia\u0142owieskiej\u201d.<br \/>SERVERdance obs\u0142uguje wszelkie imprezy okoliczno\u015bciowe, wesela, bale, studni\u00f3wki, festyny w ca\u0142ym kraju, jak i za jego granicami, gwarantuj\u0105c przy tym \u015bwietn\u0105 zabaw\u0119 i niezapomniane wra\u017cenia.<\/p>\r\n\t<div class=\"fw-divider-space \" style=\"padding-top: 20px;\"><\/div>\r\n\r\n<div class=\"content-justify vertical-center content-margins\">\r\n<a href=\"index.php\/about\" target=\"_self\"\n   class=\"theme_button color min_width_button\">\n    \t    <span>Czytaj wi\u0119cej<\/span>\n    <\/a><span class=\"social-icons divided-content outside-dividers\">\n\t\t\t\t\t\t\t<span>\n\t\t\t\t\t<a href=\"https:\/\/www.facebook.com\/DavidKrotServerDance\/\"\n\t\t\t   class=\"social-icon socicon-facebook \"><\/a>\n\t\t\t\t\t\t<\/span>\n\t\t\t\t\t\t\t\t\t\t<span>\n\t\t\t\t\t<a href=\"http:\/\/www.youtube.com\/c\/serverdanceofficial\"\n\t\t\t   class=\"social-icon socicon-youtube \"><\/a>\n\t\t\t\t\t\t<\/span>\n\t\t\t\t\t\t\t\t\t\t<span>\n\t\t\t\t\t<a href=\"https:\/\/www.instagram.com\/serverdance\/\"\n\t\t\t   class=\"social-icon socicon-instagram \"><\/a>\n\t\t\t\t\t\t<\/span>\n\t\t\t\t<\/span>\n\r\n<\/div>\r\n    <\/div>\r\n\r\n\r\n\t\t<\/div>\n\t<\/div>\n<\/section>\n<section class=\"fw-main-row  ls section_padding_top_100 section_padding_bottom_100 columns_padding_15\" >\n\t\t<div class=\"container\">\n\t\t<div class=\"row\">\n\t\t\t\r\n    <div class=\"col-xs-12\" >\r\n            \t<h2 class=\"text-center section_header \">\n\t<span class=\"  \">\n\t\tNowo\u015bci\t<\/span>\n\t<\/h2>\n                <hr class=\"header_divider\">\n        \t<p class=\"text-center small-text big aboveheading\">\n\t<span class=\"  \">\n\t\tMUZYKA ZMIENIA \u017bYCIE. MASZ DOBRY LUB Z\u0141Y DZIE\u0143, JEJ MOC MO\u017bE ZMIENI\u0106 NASTR\u00d3J.\t<\/span>\n\t<\/p>\n    \r\n\t<div class=\"fw-divider-space \" style=\"padding-top: 20px;\"><\/div>\r\n<div class=\"columns_padding_15\">\r\n\t<div class=\"shortcode_entries isotope_container isotope row masonry-layout columns_margin_top_20\"\r\n\t     data-filters=\".isotope_filters-69e1a4f49af09\">\r\n\t\t\r\n                <div\r\n                    class=\"isotope-item item-layout-item-vertical col-lg-4 col-md-4 col-sm-6 col-xs-12 news video \">\r\n\r\n\t                <article class=\"vertical-item content-padding with_shadow loop-color filter-news filter-video post-125 post type-post status-publish format-video hentry category-news category-video post_format-post-format-video\">\r\n    \t<div class=\"item-media-wrap\">\n\t\t<div class=\"item-media entry-thumbnail post-thumbnail\">\n\t\t\t\t\t\t\t\t<div class=\"embed-responsive embed-responsive-3by2\">\n\t\t\t\t\t<iframe loading=\"lazy\" width=\"1170\" height=\"658\" src=\"https:\/\/www.youtube.com\/embed\/videoseries?list=PL992492C45235AFA5\" frameborder=\"0\" allowfullscreen><\/iframe>\t\t\t\t\t<\/div>\n\t\t\t\t\t\t<\/div> <!-- .item-media -->\n\t<\/div> <!-- .item-media-wrap -->\n\t\t\n\t\t<div class=\"item-content\">\r\n        <header class=\"entry-header\">\r\n\r\n            <div class=\"entry-meta small-text content-justify\">\r\n\t\t        \r\n                    <span class=\"categories-links highlightlinks\"><a href=\"https:\/\/serverdance.pl\/?cat=7\" rel=\"category\">News<\/a> <a href=\"https:\/\/serverdance.pl\/?cat=18\" rel=\"category\">Video<\/a><\/span>\r\n\r\n\t\t        \t            <span class=\"greylinks\"><a href=\"https:\/\/serverdance.pl\/?p=125\" rel=\"bookmark\"><time class=\"entry-date\" datetime=\"2019-11-22T13:22:00+01:00\">22 listopada 2019<\/time><\/a><\/span>            <\/div>\r\n\r\n\t\t\t<h4 class=\"entry-title\"><a href=\"https:\/\/serverdance.pl\/?p=125\" rel=\"bookmark\">SERVERdance Video<\/a><\/h4>\r\n        <\/header><!-- .entry-header -->\r\n        <div class=\"entry-content content-3lines-ellipsis\">\r\n\t\t\t<p>W tym miejscu mo\u017cecie znale\u017a\u0107 nasze najnowsze teledyski. Wystarczy w odtwarzaczu klikn\u0105\u0107 ikonk\u0119 playlisty a udost\u0119pnione zostan\u0105 wszystkie nasze produkcje.<\/p>\n        <\/div><!-- .entry-content -->\r\n\r\n        <footer class=\"entry-footer inline-content greylinks small-text\">\r\n\t                        <span>\r\n                    <span class=\"rightpadding_5\">\r\n                        <span data-id=\"125\"><a href=\"\" class=\"like_button like_active_button\"><i class=\"fa fa-heart\"><\/i><\/a><\/span>                    <\/span>\r\n                    <span class=\"value fontcolor\">\r\n                        <span class=\"votes_count votes_count_125\"><\/span>                    <\/span>\r\n                <\/span>\r\n            \r\n            <a href=\"https:\/\/serverdance.pl\/?p=125#comments\">\r\n                <i class=\"fa fa-comment rightpadding_5\" aria-hidden=\"true\"><\/i>\r\n                <span class=\"value fontcolor\">0<\/span>\r\n            <\/a>\r\n\r\n                        <span>\r\n                <i class=\"fa fa-eye rightpadding_5\" aria-hidden=\"true\"><\/i>\r\n                <span class=\"value fontcolor\"><span class=\"item-views-count\">7,395<\/span><\/span>\r\n            <\/span>\r\n                    <\/footer>\r\n\t<\/div>\r\n<\/article><!-- eof vertical-item -->\r\n\r\n                <\/div>\r\n\t\t\r\n                <div\r\n                    class=\"isotope-item item-layout-item-vertical col-lg-4 col-md-4 col-sm-6 col-xs-12 video \">\r\n\r\n\t                <article class=\"vertical-item content-padding with_shadow loop-color filter-video post-449 post type-post status-publish format-video hentry category-video post_format-post-format-video\">\r\n    \t<div class=\"item-media-wrap\">\n\t\t<div class=\"item-media entry-thumbnail post-thumbnail\">\n\t\t\t\t\t\t\t\t<div class=\"embed-responsive embed-responsive-3by2\">\n\t\t\t\t\t<iframe loading=\"lazy\" width=\"1170\" height=\"658\" src=\"https:\/\/www.youtube.com\/embed\/videoseries?list=PLEQxD6v6Mf95l-HZNqtKrsq0FwGlPNCKV\" frameborder=\"0\" allowfullscreen><\/iframe>\t\t\t\t\t<\/div>\n\t\t\t\t\t\t<\/div> <!-- .item-media -->\n\t<\/div> <!-- .item-media-wrap -->\n\t\t\n\t\t<div class=\"item-content\">\r\n        <header class=\"entry-header\">\r\n\r\n            <div class=\"entry-meta small-text content-justify\">\r\n\t\t        \r\n                    <span class=\"categories-links highlightlinks\"><a href=\"https:\/\/serverdance.pl\/?cat=18\" rel=\"category\">Video<\/a><\/span>\r\n\r\n\t\t        \t            <span class=\"greylinks\"><a href=\"https:\/\/serverdance.pl\/?p=449\" rel=\"bookmark\"><time class=\"entry-date\" datetime=\"2019-11-20T11:45:00+01:00\">20 listopada 2019<\/time><\/a><\/span>            <\/div>\r\n\r\n\t\t\t<h4 class=\"entry-title\"><a href=\"https:\/\/serverdance.pl\/?p=449\" rel=\"bookmark\">Wschodnia nutka<\/a><\/h4>\r\n        <\/header><!-- .entry-header -->\r\n        <div class=\"entry-content content-3lines-ellipsis\">\r\n\t\t\t<p>Kolejna playlista a w niej nasze utwory na tzw. &#8222;Wschodni\u0105 nut\u0119&#8221;.Skoczne i taneczne. Zach\u0119camy wszystkich do ogl\u0105dania \ud83d\ude42<\/p>\n        <\/div><!-- .entry-content -->\r\n\r\n        <footer class=\"entry-footer inline-content greylinks small-text\">\r\n\t                        <span>\r\n                    <span class=\"rightpadding_5\">\r\n                        <span data-id=\"449\"><a href=\"\" class=\"like_button like_active_button\"><i class=\"fa fa-heart\"><\/i><\/a><\/span>                    <\/span>\r\n                    <span class=\"value fontcolor\">\r\n                        1<span class=\"votes_count votes_count_449\"><\/span>                    <\/span>\r\n                <\/span>\r\n            \r\n            <a href=\"https:\/\/serverdance.pl\/?p=449#comments\">\r\n                <i class=\"fa fa-comment rightpadding_5\" aria-hidden=\"true\"><\/i>\r\n                <span class=\"value fontcolor\">0<\/span>\r\n            <\/a>\r\n\r\n                        <span>\r\n                <i class=\"fa fa-eye rightpadding_5\" aria-hidden=\"true\"><\/i>\r\n                <span class=\"value fontcolor\"><span class=\"item-views-count\">6,512<\/span><\/span>\r\n            <\/span>\r\n                    <\/footer>\r\n\t<\/div>\r\n<\/article><!-- eof vertical-item -->\r\n\r\n                <\/div>\r\n\t\t\r\n                <div\r\n                    class=\"isotope-item item-layout-item-vertical col-lg-4 col-md-4 col-sm-6 col-xs-12 video \">\r\n\r\n\t                <article class=\"vertical-item content-padding with_shadow loop-color filter-video post-128 post type-post status-publish format-video hentry category-video post_format-post-format-video\">\r\n    \t<div class=\"item-media-wrap\">\n\t\t<div class=\"item-media entry-thumbnail post-thumbnail\">\n\t\t\t\t\t\t\t\t<div class=\"embed-responsive embed-responsive-3by2\">\n\t\t\t\t\t<iframe loading=\"lazy\" width=\"1170\" height=\"658\" src=\"https:\/\/www.youtube.com\/embed\/videoseries?list=PLEQxD6v6Mf94i6qYiJl7j_rLl_m5F7hV8\" frameborder=\"0\" allowfullscreen><\/iframe>\t\t\t\t\t<\/div>\n\t\t\t\t\t\t<\/div> <!-- .item-media -->\n\t<\/div> <!-- .item-media-wrap -->\n\t\t\n\t\t<div class=\"item-content\">\r\n        <header class=\"entry-header\">\r\n\r\n            <div class=\"entry-meta small-text content-justify\">\r\n\t\t        \r\n                    <span class=\"categories-links highlightlinks\"><a href=\"https:\/\/serverdance.pl\/?cat=18\" rel=\"category\">Video<\/a><\/span>\r\n\r\n\t\t        \t            <span class=\"greylinks\"><a href=\"https:\/\/serverdance.pl\/?p=128\" rel=\"bookmark\"><time class=\"entry-date\" datetime=\"2019-10-16T13:23:00+02:00\">16 pa\u017adziernika 2019<\/time><\/a><\/span>            <\/div>\r\n\r\n\t\t\t<h4 class=\"entry-title\"><a href=\"https:\/\/serverdance.pl\/?p=128\" rel=\"bookmark\">Kol\u0119dy<\/a><\/h4>\r\n        <\/header><!-- .entry-header -->\r\n        <div class=\"entry-content content-3lines-ellipsis\">\r\n\t\t\t<p>Raz do roku przychodzi czas, w kt\u00f3rym wszyscy je \u015bpiewaj\u0105 i wszyscy je znaj\u0105.<\/p>\n        <\/div><!-- .entry-content -->\r\n\r\n        <footer class=\"entry-footer inline-content greylinks small-text\">\r\n\t                        <span>\r\n                    <span class=\"rightpadding_5\">\r\n                        <span data-id=\"128\"><a href=\"\" class=\"like_button like_active_button\"><i class=\"fa fa-heart\"><\/i><\/a><\/span>                    <\/span>\r\n                    <span class=\"value fontcolor\">\r\n                        1<span class=\"votes_count votes_count_128\"><\/span>                    <\/span>\r\n                <\/span>\r\n            \r\n            <a href=\"https:\/\/serverdance.pl\/?p=128#comments\">\r\n                <i class=\"fa fa-comment rightpadding_5\" aria-hidden=\"true\"><\/i>\r\n                <span class=\"value fontcolor\">0<\/span>\r\n            <\/a>\r\n\r\n                        <span>\r\n                <i class=\"fa fa-eye rightpadding_5\" aria-hidden=\"true\"><\/i>\r\n                <span class=\"value fontcolor\"><span class=\"item-views-count\">5,490<\/span><\/span>\r\n            <\/span>\r\n                    <\/footer>\r\n\t<\/div>\r\n<\/article><!-- eof vertical-item -->\r\n\r\n                <\/div>\r\n\t\t\t\t\t<\/div><!-- eof .isotope_container -->\r\n<\/div><!-- eof .columns_padding_* -->    <\/div>\r\n\r\n\r\n\t\t<\/div>\n\t<\/div>\n<\/section>\n<section class=\"fw-main-row  ls section_padding_top_130 section_padding_bottom_65 columns_padding_15\" >\n\t\t<div class=\"container\">\n\t\t<div class=\"row\">\n\t\t\t\r\n    <div class=\"col-xs-12\" >\r\n            \t<h2 class=\"text-center section_header \">\n\t<span class=\"  \">\n\t\tWydane p\u0142yty i single.\t<\/span>\n\t<\/h2>\n                <hr class=\"header_divider\">\n        \t<p class=\"text-center small-text big aboveheading\">\n\t<span class=\" bold text-uppercase\">\n\t\tPos\u0142uchaj naszych najnowszych produkcji.\t<\/span>\n\t<\/p>\n    \r\n\t<div class=\"fw-divider-space \" style=\"padding-top: 20px;\"><\/div>\r\n<div class=\"columns_padding_15\">\r\n\t<div class=\"isotope_container isotope albums_container row masonry-layout columns_margin_bottom_40\"\r\n\t\t\t>\r\n\t\t\t\t\t<div\r\n\t\t\t\tclass=\"isotope-item col-lg-4 col-md-4 col-sm-6 col-xs-12 \">\r\n\t\t\t\t\r\n\r\n<div class=\"vertical-item slide-media text-center loop-color\">\r\n    <div class=\"item-media-wrap\">\r\n\r\n        \r\n            <img decoding=\"async\" src=\"https:\/\/serverdance.pl\/wp-content\/plugins\/mwt-unyson-extensions\/extensions\/albums\/static\/images\/cd.png\" alt=\"cd\"\/>\r\n            <div class=\"item-media back-media\">\r\n                <img decoding=\"async\" src=\"https:\/\/serverdance.pl\/wp-content\/plugins\/mwt-unyson-extensions\/extensions\/albums\/static\/images\/cd.png\" alt=\"cd\"\/>\r\n            <\/div>\r\n            <div class=\"item-media\">\r\n                <img loading=\"lazy\" decoding=\"async\" width=\"496\" height=\"496\" src=\"https:\/\/serverdance.pl\/wp-content\/uploads\/2022\/09\/Sklep-Roza.jpg\" class=\"attachment-post-thumbnail size-post-thumbnail wp-post-image\" alt=\"\" srcset=\"https:\/\/serverdance.pl\/wp-content\/uploads\/2022\/09\/Sklep-Roza.jpg 496w, https:\/\/serverdance.pl\/wp-content\/uploads\/2022\/09\/Sklep-Roza-300x300.jpg 300w, https:\/\/serverdance.pl\/wp-content\/uploads\/2022\/09\/Sklep-Roza-150x150.jpg 150w, https:\/\/serverdance.pl\/wp-content\/uploads\/2022\/09\/Sklep-Roza-100x100.jpg 100w\" sizes=\"auto, (max-width: 496px) 100vw, 496px\" \/>                <div class=\"media-links no-overlay\">\r\n                    <div class=\"links-wrap\">\r\n                        <a href=\"https:\/\/serverdance.pl\/?fw-albums=roza\" class=\"p-link\"><\/a>\r\n                    <\/div>\r\n\t\t                                    <div class=\"bottom-links\">\r\n\t\t\t\t                                            <a href=\"https:\/\/www.youtube.com\/redirect?event=video_description&#038;redir_token=QUFFLUhqbHUtQXZDdVZsU3FjUGZpdkdwLUwzZGxVNmxud3xBQ3Jtc0ttbWszQWJwbWR0R0hfS2dUM2tlUk9NdTlnV2pCWi1xU1l1NmhyZFN0S25BTm9GTHR1alN2bnF5ZGtNYTBMbkRzbTZ4MFA4SmlLTUlqcy11eE1yRlJYeEtBRlhxRHlYamVLYXltRWw0TURRdktmQnlVaw&#038;q=https%3A%2F%2Fopen.spotify.com%2Falbum%2F4uFnTJBGwaJGlfvzEWOW0k%3Fsi%3DdNhhwDVUR2i7tYHj1-WRnA&#038;v=7z-LgJ9piR8\" target=\"blanck\">\r\n\t\t\t\t\t\t                                                    <i class=\"socicon socicon-spotify\"><\/i>\r\n\t\t\t\t\t\t                                            <\/a>\r\n\t\t\t\t                                            <a href=\"https:\/\/www.youtube.com\/redirect?event=video_description&#038;redir_token=QUFFLUhqa1ptRVFsTE1rcHpRQkNLa3FYZVRWczEyZ2J6QXxBQ3Jtc0ttRGxobk1obGFuS1dYMEFuQ1BCdVlLZGJOeWNwM3BSY0FQSWpuZ2ItblBrWjVIRVN5MXBvNGtIa0EwNjQzaDJaR2ZwaEE4REk3Rk5ScTluWDE3N0tCQjliQ0RiQU5wSVBzQ0g0X1dlZWxMenR2cTJNMA&#038;q=https%3A%2F%2Fmusic.amazon.ca%2Falbums%2FB0BDSM86VC&#038;v=7z-LgJ9piR8\" target=\"blanck\">\r\n\t\t\t\t\t\t                                                    <i class=\"socicon socicon-amazon\"><\/i>\r\n\t\t\t\t\t\t                                            <\/a>\r\n\t\t\t\t                                    <\/div>\r\n\t\t                            <\/div>\r\n            <\/div>\r\n\r\n            <\/div>\r\n\r\n    <div class=\"item-content topmargin_30\">\r\n        <h4 class=\"entry-title bottommargin_0\">\r\n            <a href=\"https:\/\/serverdance.pl\/?fw-albums=roza\">\r\n                Roza            <\/a>\r\n        <\/h4>\r\n                <span class=\"price bold highlight\">\r\n            2,99 z\u0142        <\/span>\r\n            <\/div>\r\n<\/div>\r\n\t\t\t<\/div>\r\n\t\t\t\t\t<div\r\n\t\t\t\tclass=\"isotope-item col-lg-4 col-md-4 col-sm-6 col-xs-12 \">\r\n\t\t\t\t\r\n\r\n<div class=\"vertical-item slide-media text-center loop-color\">\r\n    <div class=\"item-media-wrap\">\r\n\r\n        \r\n            <img decoding=\"async\" src=\"https:\/\/serverdance.pl\/wp-content\/plugins\/mwt-unyson-extensions\/extensions\/albums\/static\/images\/cd.png\" alt=\"cd\"\/>\r\n            <div class=\"item-media back-media\">\r\n                <img decoding=\"async\" src=\"https:\/\/serverdance.pl\/wp-content\/plugins\/mwt-unyson-extensions\/extensions\/albums\/static\/images\/cd.png\" alt=\"cd\"\/>\r\n            <\/div>\r\n            <div class=\"item-media\">\r\n                <img loading=\"lazy\" decoding=\"async\" width=\"496\" height=\"496\" src=\"https:\/\/serverdance.pl\/wp-content\/uploads\/2022\/09\/Sklep-Kaleczka.jpg\" class=\"attachment-post-thumbnail size-post-thumbnail wp-post-image\" alt=\"\" srcset=\"https:\/\/serverdance.pl\/wp-content\/uploads\/2022\/09\/Sklep-Kaleczka.jpg 496w, https:\/\/serverdance.pl\/wp-content\/uploads\/2022\/09\/Sklep-Kaleczka-300x300.jpg 300w, https:\/\/serverdance.pl\/wp-content\/uploads\/2022\/09\/Sklep-Kaleczka-150x150.jpg 150w, https:\/\/serverdance.pl\/wp-content\/uploads\/2022\/09\/Sklep-Kaleczka-100x100.jpg 100w\" sizes=\"auto, (max-width: 496px) 100vw, 496px\" \/>                <div class=\"media-links no-overlay\">\r\n                    <div class=\"links-wrap\">\r\n                        <a href=\"https:\/\/serverdance.pl\/?fw-albums=kaleczka\" class=\"p-link\"><\/a>\r\n                    <\/div>\r\n\t\t                                    <div class=\"bottom-links\">\r\n\t\t\t\t                                            <a href=\"https:\/\/www.youtube.com\/redirect?event=video_description&#038;redir_token=QUFFLUhqblRGOG5CY2xtbDNEenZiVUprbXU4QmRqRXFOQXxBQ3Jtc0tsbDhjMWpKcUZEcnljSElYWVRXU1NGOWRMZzlNdjJrYW5sVDRjOFB6NEc5MXFQeEdMU2V5TEZDMVRRWEt1ME5SejlBVTdFRm0wSTV1QUlsVldQUG1CbEFieS13aHJvVEdLNFAwSkJFRmZYdURaZ3pCMA&#038;q=https%3A%2F%2Fopen.spotify.com%2Fartist%2F5e1Hiq8MuSqoXbe4FEWqPe&#038;v=fv9T5XPAET4\" target=\"blanck\">\r\n\t\t\t\t\t\t                                                    <i class=\"socicon socicon-spotify\"><\/i>\r\n\t\t\t\t\t\t                                            <\/a>\r\n\t\t\t\t                                            <a href=\"https:\/\/www.youtube.com\/redirect?event=video_description&#038;redir_token=QUFFLUhqa0ZMWERMekNNblVCUk5heGY0NExHY21oZ0c3QXxBQ3Jtc0tsTWVPa1VRZE41allJcnNXMVBjTDlXb1JDVTNyYkhkWGN0UWFKaXJVTlFnWE0tR1Y1T0pTbnQ3UGZvV0N4dldWTHloSU1IVnFVT2xjLWlzQ2xFUTM2VjZ5VmppTTdrZjJKSG1pWFk3OU9vNk9vOFVaaw&#038;q=https%3A%2F%2Fmusic.apple.com%2Fpl%2Fartist%2Fserverdance%2F1074847189&#038;v=fv9T5XPAET4\" target=\"blanck\">\r\n\t\t\t\t\t\t                                                    <i class=\"socicon socicon-apple\"><\/i>\r\n\t\t\t\t\t\t                                            <\/a>\r\n\t\t\t\t                                    <\/div>\r\n\t\t                            <\/div>\r\n            <\/div>\r\n\r\n            <\/div>\r\n\r\n    <div class=\"item-content topmargin_30\">\r\n        <h4 class=\"entry-title bottommargin_0\">\r\n            <a href=\"https:\/\/serverdance.pl\/?fw-albums=kaleczka\">\r\n                Kaleczka            <\/a>\r\n        <\/h4>\r\n                <span class=\"price bold highlight\">\r\n            2,99 z\u0142        <\/span>\r\n            <\/div>\r\n<\/div>\r\n\t\t\t<\/div>\r\n\t\t\t\t\t<div\r\n\t\t\t\tclass=\"isotope-item col-lg-4 col-md-4 col-sm-6 col-xs-12 \">\r\n\t\t\t\t\r\n\r\n<div class=\"vertical-item slide-media text-center loop-color\">\r\n    <div class=\"item-media-wrap\">\r\n\r\n        \r\n            <img decoding=\"async\" src=\"https:\/\/serverdance.pl\/wp-content\/plugins\/mwt-unyson-extensions\/extensions\/albums\/static\/images\/cd.png\" alt=\"cd\"\/>\r\n            <div class=\"item-media back-media\">\r\n                <img decoding=\"async\" src=\"https:\/\/serverdance.pl\/wp-content\/plugins\/mwt-unyson-extensions\/extensions\/albums\/static\/images\/cd.png\" alt=\"cd\"\/>\r\n            <\/div>\r\n            <div class=\"item-media\">\r\n                <img loading=\"lazy\" decoding=\"async\" width=\"496\" height=\"496\" src=\"https:\/\/serverdance.pl\/wp-content\/uploads\/2022\/03\/SERVERdance-feat.-NEVER-Jaram-sie-Toba-mini.png\" class=\"attachment-post-thumbnail size-post-thumbnail wp-post-image\" alt=\"\" srcset=\"https:\/\/serverdance.pl\/wp-content\/uploads\/2022\/03\/SERVERdance-feat.-NEVER-Jaram-sie-Toba-mini.png 496w, https:\/\/serverdance.pl\/wp-content\/uploads\/2022\/03\/SERVERdance-feat.-NEVER-Jaram-sie-Toba-mini-300x300.png 300w, https:\/\/serverdance.pl\/wp-content\/uploads\/2022\/03\/SERVERdance-feat.-NEVER-Jaram-sie-Toba-mini-150x150.png 150w, https:\/\/serverdance.pl\/wp-content\/uploads\/2022\/03\/SERVERdance-feat.-NEVER-Jaram-sie-Toba-mini-100x100.png 100w\" sizes=\"auto, (max-width: 496px) 100vw, 496px\" \/>                <div class=\"media-links no-overlay\">\r\n                    <div class=\"links-wrap\">\r\n                        <a href=\"https:\/\/serverdance.pl\/?fw-albums=jaram-sie-toba\" class=\"p-link\"><\/a>\r\n                    <\/div>\r\n\t\t                                    <div class=\"bottom-links\">\r\n\t\t\t\t                                            <a href=\"https:\/\/music.apple.com\/pl\/album\/jaram-si\u0119-tob\u0105-feat-never-single\/1605584640\" target=\"blanck\">\r\n\t\t\t\t\t\t                                                    <i class=\"socicon socicon-apple\"><\/i>\r\n\t\t\t\t\t\t                                            <\/a>\r\n\t\t\t\t                                            <a href=\"https:\/\/music.youtube.com\/watch?v=HAFr0ALXTh8&#038;list=RDAMVMHAFr0ALXTh8\" target=\"blanck\">\r\n\t\t\t\t\t\t                                                    <i class=\"socicon socicon-play\"><\/i>\r\n\t\t\t\t\t\t                                            <\/a>\r\n\t\t\t\t                                            <a href=\"https:\/\/open.spotify.com\/album\/3UlcaTYz1E44Ohs39TrdyG\" target=\"blanck\">\r\n\t\t\t\t\t\t                                                    <i class=\"socicon socicon-spotify\"><\/i>\r\n\t\t\t\t\t\t                                            <\/a>\r\n\t\t\t\t                                    <\/div>\r\n\t\t                            <\/div>\r\n            <\/div>\r\n\r\n            <\/div>\r\n\r\n    <div class=\"item-content topmargin_30\">\r\n        <h4 class=\"entry-title bottommargin_0\">\r\n            <a href=\"https:\/\/serverdance.pl\/?fw-albums=jaram-sie-toba\">\r\n                Jaram si\u0119 Tob\u0105            <\/a>\r\n        <\/h4>\r\n                <span class=\"price bold highlight\">\r\n            2,99 z\u0142        <\/span>\r\n            <\/div>\r\n<\/div>\r\n\t\t\t<\/div>\r\n\t\t\t\t\t<\/div><!-- eof .isotope_container -->\r\n<\/div><!-- eof .columns_padding_* -->    <\/div>\r\n\r\n\r\n\t\t<\/div>\n\t<\/div>\n<\/section>\n<\/p>\n","protected":false},"excerpt":{"rendered":"","protected":false},"author":1,"featured_media":0,"parent":0,"menu_order":0,"comment_status":"closed","ping_status":"closed","template":"brizy-blank-template.php","meta":{"footnotes":""},"class_list":["post-11","page","type-page","status-publish","hentry","has-post-thumbnail"],"brizy_media":[],"_links":{"self":[{"href":"https:\/\/serverdance.pl\/index.php?rest_route=\/wp\/v2\/pages\/11","targetHints":{"allow":["GET"]}}],"collection":[{"href":"https:\/\/serverdance.pl\/index.php?rest_route=\/wp\/v2\/pages"}],"about":[{"href":"https:\/\/serverdance.pl\/index.php?rest_route=\/wp\/v2\/types\/page"}],"author":[{"embeddable":true,"href":"https:\/\/serverdance.pl\/index.php?rest_route=\/wp\/v2\/users\/1"}],"replies":[{"embeddable":true,"href":"https:\/\/serverdance.pl\/index.php?rest_route=%2Fwp%2Fv2%2Fcomments&post=11"}],"version-history":[{"count":42,"href":"https:\/\/serverdance.pl\/index.php?rest_route=\/wp\/v2\/pages\/11\/revisions"}],"predecessor-version":[{"id":1667,"href":"https:\/\/serverdance.pl\/index.php?rest_route=\/wp\/v2\/pages\/11\/revisions\/1667"}],"wp:attachment":[{"href":"https:\/\/serverdance.pl\/index.php?rest_route=%2Fwp%2Fv2%2Fmedia&parent=11"}],"curies":[{"name":"wp","href":"https:\/\/api.w.org\/{rel}","templated":true}]}}